{"id":6,"date":"2025-10-22T14:47:50","date_gmt":"2025-10-22T07:47:50","guid":{"rendered":"https:\/\/kampanyabasvur.ru.com\/?page_id=6"},"modified":"2026-01-17T08:42:32","modified_gmt":"2026-01-17T01:42:32","slug":"trang-chu","status":"publish","type":"page","link":"https:\/\/kampanyabasvur.ru.com\/","title":{"rendered":"3win &#8211; Trung t\u00e2m \u0110\u0103ng k\u00fd 3Win.Com | Th\u01b0\u1edfng t\u1ed1i \u0111a 38888K"},"content":{"rendered":"<div class=\"row\"  id=\"row-1345252531\">\n\n\t<div id=\"col-1523480414\" class=\"col medium-8 small-12 large-8\"  >\n\t\t\t\t<div class=\"col-inner\"  >\n\t\t\t\n\t\t\t\n<h1 class=\"tieu-de\" style=\"text-align: center;\">3win &#8211; Trung t\u00e2m \u0110\u0103ng k\u00fd 3 Win.Com | Th\u01b0\u1edfng t\u1ed1i \u0111a 38888K<\/h1>\n<p><span style=\"color: #359eff;\"><strong>3win<\/strong> l\u00e0 trang web c\u00e1 c\u01b0\u1ee3c online uy t\u00edn Top 1 n\u0103m 2026 theo b\u00ecnh ch\u1ecdn c\u1ee7a nhi\u1ec1u c\u1ed9ng \u0111\u1ed3ng Bet. Nh\u00e0 c\u00e1i n\u1eb1m chung h\u1ec7 sinh th\u00e1i c\u00e1 c\u01b0\u1ee3c c\u1ee7a 23win v\u00e0 99win n\u00ean d\u1ec5 d\u00e0ng ti\u1ebfp c\u1eadn \u0111\u01b0\u1ee3c nhi\u1ec1u ng\u01b0\u1eddi ch\u01a1i khi m\u1edbi ra m\u1eaft. \u0110\u01b0\u1ee3c t\u00edch h\u1ee3p c\u00f4ng ngh\u1ec7 hi\u1ec7n \u0111\u1ea1i, m\u00e3 ho\u00e1 th\u00f4ng tin user v\u00e0 nhi\u1ec1u khuy\u1ebfn m\u00e3i t\u1eb7ng ti\u1ec1n l\u1edbn n\u00ean 3wim l\u00e0 c\u00e1i t\u00ean kh\u00f4ng th\u1ec3 b\u1ecf qua v\u1edbi nh\u1eefng ai \u0111ang t\u00ecm ki\u1ebfm game uy t\u00edn.<\/span><\/p>\n<blockquote><p>Trang ch\u1ee7 \u0110\u0103ng nh\u1eadp 3win cc ch\u00ednh th\u1ee9c: <a href=\"https:\/\/kampanyabasvur.ru.com\/\"><span style=\"color: #ff6600;\"><em>https:\/\/kampanyabasvur.ru.com\/<\/em><\/span><\/a><\/p><\/blockquote>\n<p>V\u00e0 \u0111\u00e2y l\u00e0 3 l\u00fd do \u0111\u1ec3 b\u1ea1n n\u00ean \u0110\u0103ng k\u00fd ch\u01a1i t\u1ea1i 3 win.com:<\/p>\n<ol>\n<li>R\u00fat ti\u1ec1n uy t\u00edn, c\u00f3 th\u1ec3 nh\u1eadn v\u1ec1 VND ho\u1eb7c USDT trong 5-20 ph\u00fat.<\/li>\n<li>Th\u01b0\u01a1ng hi\u1ec7u \u0111\u00e3 \u0111\u01b0\u1ee3c kh\u1eb3ng \u0111\u1ecbnh qua 2 nh\u00e0 c\u00e1i \u0111i tr\u01b0\u1edbc l\u00e0 23win v\u00e0 99win.<\/li>\n<li>N\u1ec1n t\u1ea3ng c\u00e1 c\u01b0\u1ee3c hi\u1ec7n \u0111\u1ea1i, tr\u00f2 ch\u01a1i m\u1edbi, c\u00f4ng b\u1eb1ng, minh b\u1ea1ch.<\/li>\n<\/ol>\n\t\t<\/div>\n\t\t\t\t\t<\/div>\n\n\t\n\n\t<div id=\"col-210410674\" class=\"col medium-4 small-12 large-4\"  >\n\t\t\t\t<div class=\"col-inner text-center\"  >\n\t\t\t\n\t\t\t\n\t<div class=\"img has-hover x md-x lg-x y md-y lg-y\" id=\"image_904950788\">\n\t\t\t\t\t\t\t\t<div class=\"img-inner dark\" >\n\t\t\t<img loading=\"lazy\" decoding=\"async\" width=\"512\" height=\"512\" src=\"https:\/\/kampanyabasvur.ru.com\/wp-content\/uploads\/2025\/10\/cropped-3win-favicon.png\" class=\"attachment-original size-original\" alt=\"Nh\u00e0 c\u00e1i 3win\" srcset=\"https:\/\/kampanyabasvur.ru.com\/wp-content\/uploads\/2025\/10\/cropped-3win-favicon.png 512w, https:\/\/kampanyabasvur.ru.com\/wp-content\/uploads\/2025\/10\/cropped-3win-favicon-300x300.png 300w, https:\/\/kampanyabasvur.ru.com\/wp-content\/uploads\/2025\/10\/cropped-3win-favicon-150x150.png 150w, https:\/\/kampanyabasvur.ru.com\/wp-content\/uploads\/2025\/10\/cropped-3win-favicon-270x270.png 270w, https:\/\/kampanyabasvur.ru.com\/wp-content\/uploads\/2025\/10\/cropped-3win-favicon-192x192.png 192w, https:\/\/kampanyabasvur.ru.com\/wp-content\/uploads\/2025\/10\/cropped-3win-favicon-180x180.png 180w, https:\/\/kampanyabasvur.ru.com\/wp-content\/uploads\/2025\/10\/cropped-3win-favicon-32x32.png 32w\" sizes=\"auto, (max-width: 512px) 100vw, 512px\" \/>\t\t\t\t\t\t\n\t\t\t\t\t<\/div>\n\t\t\t\t\t\t\t\t\n<style>\n#image_904950788 {\n  width: 80%;\n}\n<\/style>\n\t<\/div>\n\t\n\t\t<\/div>\n\t\t\t\t\t<\/div>\n\n\t\n<\/div>\n<h2 class=\"tieu-de uppercase\"><strong>FAQ &#8211; Gi\u1ea3i \u0111\u00e1p tH\u00d4NG TIN nh\u00e0 c\u00e1i 3 win<\/strong><\/h2>\n<div class=\"accordion faq\">\n\t<div id=\"accordion-213912891\" class=\"accordion-item\">\n\t\t<a id=\"accordion-213912891-label\" class=\"accordion-title plain\" href=\"#accordion-item-nh\u00e0-c\u00e1i-3win-ra-m\u1eaft-khi-n\u00e0o?-c\u00f3-lisence-n\u00e0o-uy-t\u00edn-kh\u00f4ng?\" aria-expanded=\"false\" aria-controls=\"accordion-213912891-content\">\n\t\t\t<button class=\"toggle\" aria-label=\"Chuy\u1ec3n \u0111\u1ed5i\"><i class=\"icon-angle-down\" aria-hidden=\"true\"><\/i><\/button>\n\t\t\t<span>Nh\u00e0 c\u00e1i 3win ra m\u1eaft khi n\u00e0o? C\u00f3 Lisence n\u00e0o uy t\u00edn kh\u00f4ng?<\/span>\n\t\t<\/a>\n\t\t<div id=\"accordion-213912891-content\" class=\"accordion-inner\" aria-labelledby=\"accordion-213912891-label\">\n\t\t\t\n<p>3wim ra m\u1eaft v\u00e0o gi\u1eefa th\u00e1ng 10\/2025 v\u00e0 ngay l\u1eadp t\u1ee9c \u0111\u01b0\u1ee3c c\u00e1c t\u1ed5 ch\u1ee9c c\u1ea5p ch\u1ee9ng ch\u1ec9 l\u00e0: BMM, itech Labs, Pagcor. Ngo\u00e0i ra, c\u00e1c Nh\u00e0 ph\u00e1t h\u00e0nh game uy t\u00edn qu\u1ed1c t\u1ebf nh\u01b0 Jili, Ibet888, Evolution Casino c\u0169ng t\u00edn nhi\u1ec7m \u0111\u01b0a th\u01b0\u01a1ng hi\u1ec7u n\u00e0y v\u00e0o h\u1ec7 th\u1ed1ng \u0111\u1ed1i t\u00e1c tin c\u1eady.<\/p>\n\t\t<\/div>\n\t<\/div>\n\t\n\t<div id=\"accordion-2514753552\" class=\"accordion-item\">\n\t\t<a id=\"accordion-2514753552-label\" class=\"accordion-title plain\" href=\"#accordion-item-trang-ch\u1ee7-\u0111\u0103ng-nh\u1eadp-3win-ch\u00ednh-th\u1ee9c?\" aria-expanded=\"false\" aria-controls=\"accordion-2514753552-content\">\n\t\t\t<button class=\"toggle\" aria-label=\"Chuy\u1ec3n \u0111\u1ed5i\"><i class=\"icon-angle-down\" aria-hidden=\"true\"><\/i><\/button>\n\t\t\t<span>Trang ch\u1ee7 \u0111\u0103ng nh\u1eadp 3win ch\u00ednh th\u1ee9c?<\/span>\n\t\t<\/a>\n\t\t<div id=\"accordion-2514753552-content\" class=\"accordion-inner\" aria-labelledby=\"accordion-2514753552-label\">\n\t\t\t\n<p>Ng\u01b0\u1eddi ch\u01a1i t\u1ea1o t\u00e0i kho\u1ea3n, t\u1ea3i app v\u00e0 \u0111\u0103ng nh\u1eadp qua c\u00e1c m\u00e1y ch\u1ee7:<\/p>\n<ul>\n<li><em>3wim.com<\/em><\/li>\n<li><em>3win.com<\/em><\/li>\n<li><em>3 win.game<\/em><\/li>\n<li><em>3win.bet<\/em><\/li>\n<li><em>3 win.app<\/em><\/li>\n<li><em>3win .cc<\/em><\/li>\n<li><em>3 win.link<\/em><\/li>\n<li><em>3 win.casino<\/em><\/li>\n<li><em>3 win.pro<\/em><\/li>\n<\/ul>\n\t\t<\/div>\n\t<\/div>\n\t\n\t<div id=\"accordion-2952140142\" class=\"accordion-item\">\n\t\t<a id=\"accordion-2952140142-label\" class=\"accordion-title plain\" href=\"#accordion-item-\u0110\u0103ng-k\u00fd-t\u00e0i-kho\u1ea3n-\u0111\u1eb7t-c\u01b0\u1ee3c-th\u1ebf-n\u00e0o?\" aria-expanded=\"false\" aria-controls=\"accordion-2952140142-content\">\n\t\t\t<button class=\"toggle\" aria-label=\"Chuy\u1ec3n \u0111\u1ed5i\"><i class=\"icon-angle-down\" aria-hidden=\"true\"><\/i><\/button>\n\t\t\t<span>\u0110\u0103ng k\u00fd t\u00e0i kho\u1ea3n \u0111\u1eb7t c\u01b0\u1ee3c th\u1ebf n\u00e0o?<\/span>\n\t\t<\/a>\n\t\t<div id=\"accordion-2952140142-content\" class=\"accordion-inner\" aria-labelledby=\"accordion-2952140142-label\">\n\t\t\t\n<p>B\u1ea1n truy c\u1eadp v\u00e0o trang ch\u1ee7, ch\u1ecdn &#8220;\u0110\u0103ng k\u00fd&#8221; v\u00e0 \u0111i\u1ec1n Form (g\u1ed3m T\u00ean Account, m\u1eadt kh\u1ea9u, h\u1ecd t\u00ean th\u1eadt). Sau \u0111\u00f3 Login v\u00e0o t\u00e0i kho\u1ea3n \u0111\u1ec3 x\u00e1c minh: S\u1ed1 \u0111i\u1ec7n tho\u1ea1i, S\u1ed1 t\u00e0i kho\u1ea3n ng\u00e2n h\u00e0ng v\u00e0 th\u00eam m\u1eadt kh\u1ea9u thanh to\u00e1n khi r\u00fat ti\u1ec1n.<\/p>\n\t\t<\/div>\n\t<\/div>\n\t\n\t<div id=\"accordion-3125905615\" class=\"accordion-item\">\n\t\t<a id=\"accordion-3125905615-label\" class=\"accordion-title plain\" href=\"#accordion-item-c\u00f3-th\u1ec3-r\u00fat-ti\u1ec1n-t\u1eeb-3win-kh\u00f4ng?\" aria-expanded=\"false\" aria-controls=\"accordion-3125905615-content\">\n\t\t\t<button class=\"toggle\" aria-label=\"Chuy\u1ec3n \u0111\u1ed5i\"><i class=\"icon-angle-down\" aria-hidden=\"true\"><\/i><\/button>\n\t\t\t<span>C\u00f3 th\u1ec3 r\u00fat ti\u1ec1n t\u1eeb 3win kh\u00f4ng?<\/span>\n\t\t<\/a>\n\t\t<div id=\"accordion-3125905615-content\" class=\"accordion-inner\" aria-labelledby=\"accordion-3125905615-label\">\n\t\t\t\n<p>3 Win.Com l\u00e0 nh\u00e0 c\u00e1i uy t\u00edn n\u00ean h\u1ed7 tr\u1ee3 kh\u00e1ch h\u00e0ng n\u1ea1p r\u00fat r\u1ea5t nhanh ch\u00f3ng (qua USDT &amp; VND). Ng\u01b0\u1eddi ch\u01a1i ch\u1ec9 c\u1ea7n m\u1ea5t 3-10 ph\u00fat l\u00e0 c\u00f3 th\u1ec3 nh\u1eadn th\u01b0\u1edfng v\u1ec1 s\u1ed1 t\u00e0i kho\u1ea3n.<\/p>\n\t\t<\/div>\n\t<\/div>\n\t\n\t<div id=\"accordion-1121782989\" class=\"accordion-item\">\n\t\t<a id=\"accordion-1121782989-label\" class=\"accordion-title plain\" href=\"#accordion-item-k\u00eanh-cskh-3wim-c\u00f3-online-kh\u00f4ng?\" aria-expanded=\"false\" aria-controls=\"accordion-1121782989-content\">\n\t\t\t<button class=\"toggle\" aria-label=\"Chuy\u1ec3n \u0111\u1ed5i\"><i class=\"icon-angle-down\" aria-hidden=\"true\"><\/i><\/button>\n\t\t\t<span>K\u00eanh CSKH 3wim c\u00f3 online kh\u00f4ng?<\/span>\n\t\t<\/a>\n\t\t<div id=\"accordion-1121782989-content\" class=\"accordion-inner\" aria-labelledby=\"accordion-1121782989-label\">\n\t\t\t\n<p>T\u1ea5t nhi\u00ean c\u00f3. K\u00eanh h\u1ed7 tr\u1ee3 ch\u00ednh th\u1ee9c t\u1eeb 3win.con lu\u00f4n c\u00f3 r\u1ea5t nhi\u1ec1u nh\u00e2n vi\u00ean t\u01b0 v\u1ea5n tr\u1ef1c Livechat 24\/7. \u0110\u1ea3m b\u1ea3o m\u1ecdi th\u1eafc m\u1eafc c\u1ee7a th\u00e0nh vi\u00ean \u0111\u1ec1u \u0111\u01b0\u1ee3c ti\u1ebfp nh\u1eadn chuy\u00ean nghi\u1ec7p, kh\u1ea9n tr\u01b0\u01a1ng, nhi\u1ec7t t\u00ecnh v\u00e0 k\u1ecbp th\u1eddi.<\/p>\n\t\t<\/div>\n\t<\/div>\n\t\n<\/div>\n","protected":false},"excerpt":{"rendered":"<p>FAQ &#8211; Gi\u1ea3i \u0111\u00e1p tH\u00d4NG TIN nh\u00e0 c\u00e1i 3 win<\/p>\n","protected":false},"author":1,"featured_media":0,"parent":0,"menu_order":0,"comment_status":"closed","ping_status":"closed","template":"","meta":{"footnotes":""},"class_list":["post-6","page","type-page","status-publish","hentry"],"_links":{"self":[{"href":"https:\/\/kampanyabasvur.ru.com\/index.php?rest_route=\/wp\/v2\/pages\/6","targetHints":{"allow":["GET"]}}],"collection":[{"href":"https:\/\/kampanyabasvur.ru.com\/index.php?rest_route=\/wp\/v2\/pages"}],"about":[{"href":"https:\/\/kampanyabasvur.ru.com\/index.php?rest_route=\/wp\/v2\/types\/page"}],"author":[{"embeddable":true,"href":"https:\/\/kampanyabasvur.ru.com\/index.php?rest_route=\/wp\/v2\/users\/1"}],"replies":[{"embeddable":true,"href":"https:\/\/kampanyabasvur.ru.com\/index.php?rest_route=%2Fwp%2Fv2%2Fcomments&post=6"}],"version-history":[{"count":16,"href":"https:\/\/kampanyabasvur.ru.com\/index.php?rest_route=\/wp\/v2\/pages\/6\/revisions"}],"predecessor-version":[{"id":137,"href":"https:\/\/kampanyabasvur.ru.com\/index.php?rest_route=\/wp\/v2\/pages\/6\/revisions\/137"}],"wp:attachment":[{"href":"https:\/\/kampanyabasvur.ru.com\/index.php?rest_route=%2Fwp%2Fv2%2Fmedia&parent=6"}],"curies":[{"name":"wp","href":"https:\/\/api.w.org\/{rel}","templated":true}]}}